{"id":450,"date":"2024-11-25T13:55:31","date_gmt":"2024-11-25T13:55:31","guid":{"rendered":"https:\/\/devclinicvadev.wpenginepowered.com\/?page_id=450"},"modified":"2024-12-19T17:08:28","modified_gmt":"2024-12-19T17:08:28","slug":"dre-savard-cote","status":"publish","type":"page","link":"https:\/\/cliniquevasectomie.ca\/en\/dre-savard-cote\/","title":{"rendered":"Dre. Savard-Cote"},"content":{"rendered":"<div class=\"fusion-fullwidth fullwidth-box fusion-builder-row-1 fusion-flex-container has-pattern-background has-mask-background nonhundred-percent-fullwidth non-hundred-percent-height-scrolling\" style=\"--awb-border-radius-top-left:0px;--awb-border-radius-top-right:0px;--awb-border-radius-bottom-right:0px;--awb-border-radius-bottom-left:0px;--awb-flex-wrap:wrap;\" ><div class=\"fusion-builder-row fusion-row fusion-flex-align-items-flex-start fusion-flex-content-wrap\" style=\"max-width:1643.2px;margin-left: calc(-4% \/ 2 );margin-right: calc(-4% \/ 2 );\"><div class=\"fusion-layout-column fusion_builder_column fusion-builder-column-0 fusion_builder_column_3_5 3_5 fusion-flex-column\" style=\"--awb-bg-size:cover;--awb-width-large:60%;--awb-margin-top-large:0px;--awb-spacing-right-large:3.2%;--awb-margin-bottom-large:0px;--awb-spacing-left-large:3.2%;--awb-width-medium:60%;--awb-order-medium:0;--awb-spacing-right-medium:3.2%;--awb-spacing-left-medium:3.2%;--awb-width-small:100%;--awb-order-small:0;--awb-spacing-right-small:1.92%;--awb-spacing-left-small:1.92%;\"><div class=\"fusion-column-wrapper fusion-column-has-shadow fusion-flex-justify-content-flex-start fusion-content-layout-column\"><div class=\"fusion-title title fusion-title-1 fusion-sep-none fusion-title-text fusion-title-size-one\"><h1 class=\"fusion-title-heading title-heading-left\" style=\"margin:0;\">Dre. M\u00e9lanie Savard-C\u00f4t\u00e9<\/h1><\/div><div class=\"fusion-text fusion-text-1\"><p>Dr. M\u00e9lanie Savard-C\u00f4t\u00e9, Fellow of the College of Family Physicians of Canada, has been practicing vasectomy since 2016. She graduated from McGill University in Physiotherapy, in Medicine at the University of Montreal and received specialized training in vasectomy at Laval University with Dr. Michel Labreque.<\/p>\n<p>Her beginnings, in obstetrics and in the delivery room at the Saint-Eustache Hospital, naturally led her to care for young families. Contraception has always been an important part of her practice. Her gentle and empathetic approach naturally integrates prevention. During pediatric surgery internships in Germany, her skill for delicate techniques was immediately noticed. Before joining Dr. Bercier\u2019s team, Dr. Savard-C\u00f4t\u00e9 was responsible for clinical teaching for 8 years, with family medicine residents at GMF-U Saint-Eustache. Her interest in dermatology and minor surgeries made her a resource person in the family medicine groups where she practiced, notably at GMF Mont\u00e9e de la Baie and at ExcelleMD.<\/p>\n<p>Dr. Savard-C\u00f4t\u00e9 is passionate about vasectomy and founded the Vasectomy 450 clinic in 2019 in the St-Eustache region. She has more than 1000 vasectomies to her credit. She is part of the \u201cWorld Vasectomy Network\u201d, an international community of vasectomists who share their knowledge and participate in missions to foreign countries.<\/p>\n<p>Her involvement advocates for better access to vasectomy here and elsewhere and in particular by training new vasectomists in Bolivia in 2023 with the World Vasectomy Day organization.<\/p>\n<\/div><\/div><\/div><div class=\"fusion-layout-column fusion_builder_column fusion-builder-column-1 fusion_builder_column_2_5 2_5 fusion-flex-column\" style=\"--awb-padding-top:30px;--awb-padding-bottom:30px;--awb-bg-size:cover;--awb-width-large:40%;--awb-margin-top-large:0px;--awb-spacing-right-large:4.8%;--awb-margin-bottom-large:0px;--awb-spacing-left-large:4.8%;--awb-width-medium:40%;--awb-order-medium:0;--awb-spacing-right-medium:4.8%;--awb-spacing-left-medium:4.8%;--awb-width-small:100%;--awb-order-small:0;--awb-spacing-right-small:1.92%;--awb-spacing-left-small:1.92%;\" data-scroll-devices=\"small-visibility,medium-visibility,large-visibility\"><div class=\"fusion-column-wrapper fusion-column-has-shadow fusion-flex-justify-content-flex-start fusion-content-layout-column\"><div class=\"fusion-image-element \" style=\"--awb-caption-title-font-family:var(--h2_typography-font-family);--awb-caption-title-font-weight:var(--h2_typography-font-weight);--awb-caption-title-font-style:var(--h2_typography-font-style);--awb-caption-title-size:var(--h2_typography-font-size);--awb-caption-title-transform:var(--h2_typography-text-transform);--awb-caption-title-line-height:var(--h2_typography-line-height);--awb-caption-title-letter-spacing:var(--h2_typography-letter-spacing);\"><span class=\" fusion-imageframe imageframe-none imageframe-1 hover-type-none\"><img decoding=\"async\" width=\"1280\" height=\"1920\" title=\"Dr-Melanie-Savard-Cote\" src=\"https:\/\/cliniquevasectomie.ca\/wp-content\/uploads\/2024\/12\/Dr-Melanie-Savard-Cote.jpeg\" alt class=\"img-responsive wp-image-532\" srcset=\"https:\/\/cliniquevasectomie.ca\/wp-content\/uploads\/2024\/12\/Dr-Melanie-Savard-Cote-200x300.jpeg 200w, https:\/\/cliniquevasectomie.ca\/wp-content\/uploads\/2024\/12\/Dr-Melanie-Savard-Cote-400x600.jpeg 400w, https:\/\/cliniquevasectomie.ca\/wp-content\/uploads\/2024\/12\/Dr-Melanie-Savard-Cote-600x900.jpeg 600w, https:\/\/cliniquevasectomie.ca\/wp-content\/uploads\/2024\/12\/Dr-Melanie-Savard-Cote-800x1200.jpeg 800w, https:\/\/cliniquevasectomie.ca\/wp-content\/uploads\/2024\/12\/Dr-Melanie-Savard-Cote-1200x1800.jpeg 1200w, https:\/\/cliniquevasectomie.ca\/wp-content\/uploads\/2024\/12\/Dr-Melanie-Savard-Cote.jpeg 1280w\" sizes=\"(max-width: 768px) 100vw, 600px\" \/><\/span><\/div><\/div><\/div><\/div><\/div>\n","protected":false},"excerpt":{"rendered":"","protected":false},"author":1,"featured_media":0,"parent":0,"menu_order":22,"comment_status":"closed","ping_status":"closed","template":"100-width.php","meta":{"footnotes":""},"class_list":["post-450","page","type-page","status-publish","hentry"],"yoast_head":"<!-- This site is optimized with the Yoast SEO plugin v25.7 - https:\/\/yoast.com\/wordpress\/plugins\/seo\/ -->\n<title>About Dre. M\u00e9lanie - Dr Bercier - Vasectomie<\/title>\n<meta name=\"description\" content=\"About Dre. M\u00e9lanie | Vasectomie Clinique Ottawa\" \/>\n<meta name=\"robots\" content=\"index, follow, max-snippet:-1, max-image-preview:large, max-video-preview:-1\" \/>\n<link rel=\"canonical\" href=\"https:\/\/cliniquevasectomie.ca\/en\/dre-savard-cote\/\" \/>\n<meta property=\"og:locale\" content=\"en_US\" \/>\n<meta property=\"og:type\" content=\"article\" \/>\n<meta property=\"og:title\" content=\"About Dre. M\u00e9lanie - Dr Bercier - Vasectomie\" \/>\n<meta property=\"og:description\" content=\"About Dre. M\u00e9lanie | Vasectomie Clinique Ottawa\" \/>\n<meta property=\"og:url\" content=\"https:\/\/cliniquevasectomie.ca\/en\/dre-savard-cote\/\" \/>\n<meta property=\"og:site_name\" content=\"Clinique Vasectomie\" \/>\n<meta property=\"article:modified_time\" content=\"2024-12-19T17:08:28+00:00\" \/>\n<meta name=\"twitter:card\" content=\"summary_large_image\" \/>\n<meta name=\"twitter:label1\" content=\"Est. reading time\" \/>\n\t<meta name=\"twitter:data1\" content=\"2 minutes\" \/>\n<script type=\"application\/ld+json\" class=\"yoast-schema-graph\">{\"@context\":\"https:\/\/schema.org\",\"@graph\":[{\"@type\":\"WebPage\",\"@id\":\"https:\/\/cliniquevasectomie.ca\/en\/dre-savard-cote\/\",\"url\":\"https:\/\/cliniquevasectomie.ca\/en\/dre-savard-cote\/\",\"name\":\"About Dre. M\u00e9lanie - Dr Bercier - Vasectomie\",\"isPartOf\":{\"@id\":\"https:\/\/cliniquevasectomie.ca\/en\/#website\"},\"datePublished\":\"2024-11-25T13:55:31+00:00\",\"dateModified\":\"2024-12-19T17:08:28+00:00\",\"description\":\"About Dre. M\u00e9lanie | Vasectomie Clinique Ottawa\",\"breadcrumb\":{\"@id\":\"https:\/\/cliniquevasectomie.ca\/en\/dre-savard-cote\/#breadcrumb\"},\"inLanguage\":\"en-US\",\"potentialAction\":[{\"@type\":\"ReadAction\",\"target\":[\"https:\/\/cliniquevasectomie.ca\/en\/dre-savard-cote\/\"]}]},{\"@type\":\"BreadcrumbList\",\"@id\":\"https:\/\/cliniquevasectomie.ca\/en\/dre-savard-cote\/#breadcrumb\",\"itemListElement\":[{\"@type\":\"ListItem\",\"position\":1,\"name\":\"Home\",\"item\":\"https:\/\/cliniquevasectomie.ca\/en\/\"},{\"@type\":\"ListItem\",\"position\":2,\"name\":\"Dre. Savard-Cote\"}]},{\"@type\":\"WebSite\",\"@id\":\"https:\/\/cliniquevasectomie.ca\/en\/#website\",\"url\":\"https:\/\/cliniquevasectomie.ca\/en\/\",\"name\":\"Clinique Vasectomie\",\"description\":\"\",\"potentialAction\":[{\"@type\":\"SearchAction\",\"target\":{\"@type\":\"EntryPoint\",\"urlTemplate\":\"https:\/\/cliniquevasectomie.ca\/en\/?s={search_term_string}\"},\"query-input\":{\"@type\":\"PropertyValueSpecification\",\"valueRequired\":true,\"valueName\":\"search_term_string\"}}],\"inLanguage\":\"en-US\"}]}<\/script>\n<!-- \/ Yoast SEO plugin. -->","yoast_head_json":{"title":"About Dre. M\u00e9lanie - Dr Bercier - Vasectomie","description":"About Dre. M\u00e9lanie | Vasectomie Clinique Ottawa","robots":{"index":"index","follow":"follow","max-snippet":"max-snippet:-1","max-image-preview":"max-image-preview:large","max-video-preview":"max-video-preview:-1"},"canonical":"https:\/\/cliniquevasectomie.ca\/en\/dre-savard-cote\/","og_locale":"en_US","og_type":"article","og_title":"About Dre. M\u00e9lanie - Dr Bercier - Vasectomie","og_description":"About Dre. M\u00e9lanie | Vasectomie Clinique Ottawa","og_url":"https:\/\/cliniquevasectomie.ca\/en\/dre-savard-cote\/","og_site_name":"Clinique Vasectomie","article_modified_time":"2024-12-19T17:08:28+00:00","twitter_card":"summary_large_image","twitter_misc":{"Est. reading time":"2 minutes"},"schema":{"@context":"https:\/\/schema.org","@graph":[{"@type":"WebPage","@id":"https:\/\/cliniquevasectomie.ca\/en\/dre-savard-cote\/","url":"https:\/\/cliniquevasectomie.ca\/en\/dre-savard-cote\/","name":"About Dre. M\u00e9lanie - Dr Bercier - Vasectomie","isPartOf":{"@id":"https:\/\/cliniquevasectomie.ca\/en\/#website"},"datePublished":"2024-11-25T13:55:31+00:00","dateModified":"2024-12-19T17:08:28+00:00","description":"About Dre. M\u00e9lanie | Vasectomie Clinique Ottawa","breadcrumb":{"@id":"https:\/\/cliniquevasectomie.ca\/en\/dre-savard-cote\/#breadcrumb"},"inLanguage":"en-US","potentialAction":[{"@type":"ReadAction","target":["https:\/\/cliniquevasectomie.ca\/en\/dre-savard-cote\/"]}]},{"@type":"BreadcrumbList","@id":"https:\/\/cliniquevasectomie.ca\/en\/dre-savard-cote\/#breadcrumb","itemListElement":[{"@type":"ListItem","position":1,"name":"Home","item":"https:\/\/cliniquevasectomie.ca\/en\/"},{"@type":"ListItem","position":2,"name":"Dre. Savard-Cote"}]},{"@type":"WebSite","@id":"https:\/\/cliniquevasectomie.ca\/en\/#website","url":"https:\/\/cliniquevasectomie.ca\/en\/","name":"Clinique Vasectomie","description":"","potentialAction":[{"@type":"SearchAction","target":{"@type":"EntryPoint","urlTemplate":"https:\/\/cliniquevasectomie.ca\/en\/?s={search_term_string}"},"query-input":{"@type":"PropertyValueSpecification","valueRequired":true,"valueName":"search_term_string"}}],"inLanguage":"en-US"}]}},"_links":{"self":[{"href":"https:\/\/cliniquevasectomie.ca\/en\/wp-json\/wp\/v2\/pages\/450","targetHints":{"allow":["GET"]}}],"collection":[{"href":"https:\/\/cliniquevasectomie.ca\/en\/wp-json\/wp\/v2\/pages"}],"about":[{"href":"https:\/\/cliniquevasectomie.ca\/en\/wp-json\/wp\/v2\/types\/page"}],"author":[{"embeddable":true,"href":"https:\/\/cliniquevasectomie.ca\/en\/wp-json\/wp\/v2\/users\/1"}],"replies":[{"embeddable":true,"href":"https:\/\/cliniquevasectomie.ca\/en\/wp-json\/wp\/v2\/comments?post=450"}],"version-history":[{"count":2,"href":"https:\/\/cliniquevasectomie.ca\/en\/wp-json\/wp\/v2\/pages\/450\/revisions"}],"predecessor-version":[{"id":1228,"href":"https:\/\/cliniquevasectomie.ca\/en\/wp-json\/wp\/v2\/pages\/450\/revisions\/1228"}],"wp:attachment":[{"href":"https:\/\/cliniquevasectomie.ca\/en\/wp-json\/wp\/v2\/media?parent=450"}],"curies":[{"name":"wp","href":"https:\/\/api.w.org\/{rel}","templated":true}]}}